{"id":76,"date":"2024-01-24T14:56:35","date_gmt":"2024-01-24T06:56:35","guid":{"rendered":"https:\/\/raytron.com.tr\/?page_id=76"},"modified":"2025-07-02T19:03:53","modified_gmt":"2025-07-02T11:03:53","slug":"contact","status":"publish","type":"page","link":"https:\/\/raytron.com.tr\/en\/contact\/","title":{"rendered":"Communication"},"content":{"rendered":"<div data-elementor-type=\"wp-page\" data-elementor-id=\"76\" class=\"elementor elementor-76\">\n\t\t\t\t<div class=\"elementor-element elementor-element-6186f0d e-flex e-con-boxed e-con e-parent\" data-id=\"6186f0d\" data-element_type=\"container\" data-settings=\"{&quot;jet_parallax_layout_list&quot;:[]}\">\n\t\t\t\t\t<div class=\"e-con-inner\">\n\t\t\t\t<div class=\"elementor-element elementor-element-1c93a8d elementor-widget elementor-widget-heading\" data-id=\"1c93a8d\" data-element_type=\"widget\" data-widget_type=\"heading.default\">\n\t\t\t\t<div class=\"elementor-widget-container\">\n\t\t\t\t\t<h4 class=\"elementor-heading-title elementor-size-default\">CONTACT US<\/h4>\t\t\t\t<\/div>\n\t\t\t\t<\/div>\n\t\t\t\t\t<\/div>\n\t\t\t\t<\/div>\n\t\t<div class=\"elementor-element elementor-element-70320d0 e-flex e-con-boxed e-con e-parent\" data-id=\"70320d0\" data-element_type=\"container\" data-settings=\"{&quot;jet_parallax_layout_list&quot;:[]}\">\n\t\t\t\t\t<div class=\"e-con-inner\">\n\t\t\t\t<div class=\"elementor-element elementor-element-b8fae2b elementor-widget elementor-widget-text-editor\" data-id=\"b8fae2b\" data-element_type=\"widget\" data-widget_type=\"text-editor.default\">\n\t\t\t\t<div class=\"elementor-widget-container\">\n\t\t\t\t\t\t\t\t\t<h2 style=\"text-align: center;\">Contact information<\/h2>\t\t\t\t\t\t\t\t<\/div>\n\t\t\t\t<\/div>\n\t\t\t\t\t<\/div>\n\t\t\t\t<\/div>\n\t\t<div class=\"elementor-element elementor-element-61574cd e-flex e-con-boxed e-con e-parent\" data-id=\"61574cd\" data-element_type=\"container\" data-settings=\"{&quot;jet_parallax_layout_list&quot;:[]}\">\n\t\t\t\t\t<div class=\"e-con-inner\">\n\t\t<div class=\"elementor-element elementor-element-03a62ac e-con-full e-flex e-con e-child\" data-id=\"03a62ac\" data-element_type=\"container\" data-settings=\"{&quot;jet_parallax_layout_list&quot;:[]}\">\n\t\t\t\t<div class=\"elementor-element elementor-element-935eff2 elementor-widget elementor-widget-heading\" data-id=\"935eff2\" data-element_type=\"widget\" data-widget_type=\"heading.default\">\n\t\t\t\t<div class=\"elementor-widget-container\">\n\t\t\t\t\t<h4 class=\"elementor-heading-title elementor-size-default\">ADDRESS<\/h4>\t\t\t\t<\/div>\n\t\t\t\t<\/div>\n\t\t\t\t<\/div>\n\t\t<div class=\"elementor-element elementor-element-40c6724 e-con-full e-flex e-con e-child\" data-id=\"40c6724\" data-element_type=\"container\" data-settings=\"{&quot;jet_parallax_layout_list&quot;:[]}\">\n\t\t\t\t<div class=\"elementor-element elementor-element-cc4f515 elementor-widget elementor-widget-heading\" data-id=\"cc4f515\" data-element_type=\"widget\" data-widget_type=\"heading.default\">\n\t\t\t\t<div class=\"elementor-widget-container\">\n\t\t\t\t\t<h4 class=\"elementor-heading-title elementor-size-default\">EMAIL<\/h4>\t\t\t\t<\/div>\n\t\t\t\t<\/div>\n\t\t\t\t<\/div>\n\t\t<div class=\"elementor-element elementor-element-979f4fa e-con-full e-flex e-con e-child\" data-id=\"979f4fa\" data-element_type=\"container\" data-settings=\"{&quot;jet_parallax_layout_list&quot;:[]}\">\n\t\t\t\t<div class=\"elementor-element elementor-element-66728ee elementor-widget elementor-widget-heading\" data-id=\"66728ee\" data-element_type=\"widget\" data-widget_type=\"heading.default\">\n\t\t\t\t<div class=\"elementor-widget-container\">\n\t\t\t\t\t<h4 class=\"elementor-heading-title elementor-size-default\">TELEPHONE<\/h4>\t\t\t\t<\/div>\n\t\t\t\t<\/div>\n\t\t\t\t<\/div>\n\t\t<div class=\"elementor-element elementor-element-535af50 e-con-full e-flex e-con e-child\" data-id=\"535af50\" data-element_type=\"container\" data-settings=\"{&quot;jet_parallax_layout_list&quot;:[]}\">\n\t\t\t\t<div class=\"elementor-element elementor-element-44b1ca4 elementor-widget elementor-widget-text-editor\" data-id=\"44b1ca4\" data-element_type=\"widget\" data-widget_type=\"text-editor.default\">\n\t\t\t\t<div class=\"elementor-widget-container\">\n\t\t\t\t\t\t\t\t\t<p style=\"text-align: center;\"><strong>Raytron New Energy Savunma Sanayi Makina Ticaret Limited \u015eirketi<\/strong><\/p><p style=\"text-align: center;\">Yaylac\u0131k Mh. 11. Sk. No:26\u00a0 \u0130\u00e7kap\u0131 No: 5.\u00a0 \u00a0 \u00a0\u00a0Merkez \/ KIRIKKALE\u00a0<\/p>\t\t\t\t\t\t\t\t<\/div>\n\t\t\t\t<\/div>\n\t\t\t\t<\/div>\n\t\t<div class=\"elementor-element elementor-element-d3ee03b e-con-full e-flex e-con e-child\" data-id=\"d3ee03b\" data-element_type=\"container\" data-settings=\"{&quot;jet_parallax_layout_list&quot;:[]}\">\n\t\t\t\t<div class=\"elementor-element elementor-element-659e4a5 elementor-widget elementor-widget-text-editor\" data-id=\"659e4a5\" data-element_type=\"widget\" data-widget_type=\"text-editor.default\">\n\t\t\t\t<div class=\"elementor-widget-container\">\n\t\t\t\t\t\t\t\t\t<p style=\"text-align: center;\">ercan@raytron.group<\/p>\t\t\t\t\t\t\t\t<\/div>\n\t\t\t\t<\/div>\n\t\t\t\t<\/div>\n\t\t<div class=\"elementor-element elementor-element-d1ff5b9 e-con-full e-flex e-con e-child\" data-id=\"d1ff5b9\" data-element_type=\"container\" data-settings=\"{&quot;jet_parallax_layout_list&quot;:[]}\">\n\t\t\t\t<div class=\"elementor-element elementor-element-7475dd4 elementor-widget elementor-widget-text-editor\" data-id=\"7475dd4\" data-element_type=\"widget\" data-widget_type=\"text-editor.default\">\n\t\t\t\t<div class=\"elementor-widget-container\">\n\t\t\t\t\t\t\t\t\t<p style=\"text-align: center;\">+90 544 223 61 75<\/p>\t\t\t\t\t\t\t\t<\/div>\n\t\t\t\t<\/div>\n\t\t\t\t<\/div>\n\t\t\t\t\t<\/div>\n\t\t\t\t<\/div>\n\t\t<div class=\"elementor-element elementor-element-8a994b6 e-flex e-con-boxed e-con e-parent\" data-id=\"8a994b6\" data-element_type=\"container\" data-settings=\"{&quot;jet_parallax_layout_list&quot;:[]}\">\n\t\t\t\t\t<div class=\"e-con-inner\">\n\t\t\t\t<div class=\"elementor-element elementor-element-ae39c86 elementor-widget elementor-widget-google_maps\" data-id=\"ae39c86\" data-element_type=\"widget\" data-widget_type=\"google_maps.default\">\n\t\t\t\t<div class=\"elementor-widget-container\">\n\t\t\t\t\t\t\t<div class=\"elementor-custom-embed\">\n\t\t\t<iframe loading=\"lazy\"\n\t\t\t\t\tsrc=\"https:\/\/maps.google.com\/maps?q=Raytron%20New%20Energy%20Co.%20Ltd.Yaylacik%20Mah.%20Ulubatli%20Hasan%20Cad.11.Sk%20No.%3A26%2F5%20Merkez%2FKIRIKKALE&#038;t=m&#038;z=10&#038;output=embed&#038;iwloc=near\"\n\t\t\t\t\ttitle=\"Raytron New Energy Co. Ltd.Yaylacik Mah. Ulubatli Hasan Cad.11.Sk No.:26\/5 Center\/KIRIKKALE\"\n\t\t\t\t\taria-label=\"Raytron New Energy Co. Ltd.Yaylacik Mah. Ulubatli Hasan Cad.11.Sk No.:26\/5 Center\/KIRIKKALE\"\n\t\t\t><\/iframe>\n\t\t<\/div>\n\t\t\t\t\t\t<\/div>\n\t\t\t\t<\/div>\n\t\t\t\t\t<\/div>\n\t\t\t\t<\/div>\n\t\t\t\t<\/div>","protected":false},"excerpt":{"rendered":"<p>B\u0130ZE ULA\u015eIN \u0130leti\u015fim Bilgileri ADRES E-POSTA TELEFON Raytron New Energy Savunma Sanayi Makina Ticaret Limited \u015eirketi Yaylac\u0131k Mh. 11. Sk. No:26\u00a0 \u0130\u00e7kap\u0131 No: 5.\u00a0 \u00a0 \u00a0\u00a0Merkez \/ KIRIKKALE\u00a0 ercan@raytron.group +90 544 223 61 75<\/p>","protected":false},"author":1,"featured_media":0,"parent":0,"menu_order":0,"comment_status":"closed","ping_status":"closed","template":"","meta":{"footnotes":""},"class_list":["post-76","page","type-page","status-publish","hentry"],"yoast_head":"<!-- This site is optimized with the Yoast SEO Premium plugin v21.3 (Yoast SEO v25.4) - https:\/\/yoast.com\/wordpress\/plugins\/seo\/ -->\n<title>\u0130leti\u015fim - Raytron<\/title>\n<meta name=\"robots\" content=\"index, follow, max-snippet:-1, max-image-preview:large, max-video-preview:-1\" \/>\n<link rel=\"canonical\" href=\"https:\/\/raytron.com.tr\/en\/contact\/\" \/>\n<meta property=\"og:locale\" content=\"en_US\" \/>\n<meta property=\"og:type\" content=\"article\" \/>\n<meta property=\"og:title\" content=\"\u0130leti\u015fim\" \/>\n<meta property=\"og:description\" content=\"B\u0130ZE ULA\u015eIN \u0130leti\u015fim Bilgileri ADRES E-POSTA TELEFON Raytron New Energy Savunma Sanayi Makina Ticaret Limited \u015eirketi Yaylac\u0131k Mh. 11. Sk. No:26\u00a0 \u0130\u00e7kap\u0131 No: 5.\u00a0 \u00a0 \u00a0\u00a0Merkez \/ KIRIKKALE\u00a0 ercan@raytron.group +90 544 223 61 75\" \/>\n<meta property=\"og:url\" content=\"https:\/\/raytron.com.tr\/en\/contact\/\" \/>\n<meta property=\"og:site_name\" content=\"Raytron\" \/>\n<meta property=\"article:modified_time\" content=\"2025-07-02T11:03:53+00:00\" \/>\n<meta name=\"twitter:card\" content=\"summary_large_image\" \/>\n<meta name=\"twitter:label1\" content=\"Est. reading time\" \/>\n\t<meta name=\"twitter:data1\" content=\"1 minute\" \/>\n<script type=\"application\/ld+json\" class=\"yoast-schema-graph\">{\"@context\":\"https:\/\/schema.org\",\"@graph\":[{\"@type\":\"WebPage\",\"@id\":\"https:\/\/raytron.com.tr\/contact\/\",\"url\":\"https:\/\/raytron.com.tr\/contact\/\",\"name\":\"\u0130leti\u015fim - Raytron\",\"isPartOf\":{\"@id\":\"https:\/\/raytron.com.tr\/tr\/#website\"},\"datePublished\":\"2024-01-24T06:56:35+00:00\",\"dateModified\":\"2025-07-02T11:03:53+00:00\",\"breadcrumb\":{\"@id\":\"https:\/\/raytron.com.tr\/contact\/#breadcrumb\"},\"inLanguage\":\"en-US\",\"potentialAction\":[{\"@type\":\"ReadAction\",\"target\":[\"https:\/\/raytron.com.tr\/contact\/\"]}]},{\"@type\":\"BreadcrumbList\",\"@id\":\"https:\/\/raytron.com.tr\/contact\/#breadcrumb\",\"itemListElement\":[{\"@type\":\"ListItem\",\"position\":1,\"name\":\"\u9996\u9875\",\"item\":\"https:\/\/raytron.com.tr\/\"},{\"@type\":\"ListItem\",\"position\":2,\"name\":\"\u0130leti\u015fim\"}]},{\"@type\":\"WebSite\",\"@id\":\"https:\/\/raytron.com.tr\/tr\/#website\",\"url\":\"https:\/\/raytron.com.tr\/tr\/\",\"name\":\"Raytron\",\"description\":\"Raytron\",\"publisher\":{\"@id\":\"https:\/\/raytron.com.tr\/tr\/#organization\"},\"potentialAction\":[{\"@type\":\"SearchAction\",\"target\":{\"@type\":\"EntryPoint\",\"urlTemplate\":\"https:\/\/raytron.com.tr\/tr\/?s={search_term_string}\"},\"query-input\":{\"@type\":\"PropertyValueSpecification\",\"valueRequired\":true,\"valueName\":\"search_term_string\"}}],\"inLanguage\":\"en-US\"},{\"@type\":\"Organization\",\"@id\":\"https:\/\/raytron.com.tr\/tr\/#organization\",\"name\":\"Raytron\",\"url\":\"https:\/\/raytron.com.tr\/tr\/\",\"logo\":{\"@type\":\"ImageObject\",\"inLanguage\":\"en-US\",\"@id\":\"https:\/\/raytron.com.tr\/tr\/#\/schema\/logo\/image\/\",\"url\":\"http:\/\/raytron.com.tr\/wp-content\/uploads\/2024\/01\/cropped-4881750038035794047.png\",\"contentUrl\":\"http:\/\/raytron.com.tr\/wp-content\/uploads\/2024\/01\/cropped-4881750038035794047.png\",\"width\":2318,\"height\":343,\"caption\":\"Raytron\"},\"image\":{\"@id\":\"https:\/\/raytron.com.tr\/tr\/#\/schema\/logo\/image\/\"}}]}<\/script>\n<!-- \/ Yoast SEO Premium plugin. -->","yoast_head_json":{"title":"\u0130leti\u015fim - Raytron","robots":{"index":"index","follow":"follow","max-snippet":"max-snippet:-1","max-image-preview":"max-image-preview:large","max-video-preview":"max-video-preview:-1"},"canonical":"https:\/\/raytron.com.tr\/en\/contact\/","og_locale":"en_US","og_type":"article","og_title":"\u0130leti\u015fim","og_description":"B\u0130ZE ULA\u015eIN \u0130leti\u015fim Bilgileri ADRES E-POSTA TELEFON Raytron New Energy Savunma Sanayi Makina Ticaret Limited \u015eirketi Yaylac\u0131k Mh. 11. Sk. No:26\u00a0 \u0130\u00e7kap\u0131 No: 5.\u00a0 \u00a0 \u00a0\u00a0Merkez \/ KIRIKKALE\u00a0 ercan@raytron.group +90 544 223 61 75","og_url":"https:\/\/raytron.com.tr\/en\/contact\/","og_site_name":"Raytron","article_modified_time":"2025-07-02T11:03:53+00:00","twitter_card":"summary_large_image","twitter_misc":{"Est. reading time":"1 minute"},"schema":{"@context":"https:\/\/schema.org","@graph":[{"@type":"WebPage","@id":"https:\/\/raytron.com.tr\/contact\/","url":"https:\/\/raytron.com.tr\/contact\/","name":"\u0130leti\u015fim - Raytron","isPartOf":{"@id":"https:\/\/raytron.com.tr\/tr\/#website"},"datePublished":"2024-01-24T06:56:35+00:00","dateModified":"2025-07-02T11:03:53+00:00","breadcrumb":{"@id":"https:\/\/raytron.com.tr\/contact\/#breadcrumb"},"inLanguage":"en-US","potentialAction":[{"@type":"ReadAction","target":["https:\/\/raytron.com.tr\/contact\/"]}]},{"@type":"BreadcrumbList","@id":"https:\/\/raytron.com.tr\/contact\/#breadcrumb","itemListElement":[{"@type":"ListItem","position":1,"name":"\u9996\u9875","item":"https:\/\/raytron.com.tr\/"},{"@type":"ListItem","position":2,"name":"\u0130leti\u015fim"}]},{"@type":"WebSite","@id":"https:\/\/raytron.com.tr\/tr\/#website","url":"https:\/\/raytron.com.tr\/tr\/","name":"Raytron","description":"Raytron","publisher":{"@id":"https:\/\/raytron.com.tr\/tr\/#organization"},"potentialAction":[{"@type":"SearchAction","target":{"@type":"EntryPoint","urlTemplate":"https:\/\/raytron.com.tr\/tr\/?s={search_term_string}"},"query-input":{"@type":"PropertyValueSpecification","valueRequired":true,"valueName":"search_term_string"}}],"inLanguage":"en-US"},{"@type":"Organization","@id":"https:\/\/raytron.com.tr\/tr\/#organization","name":"Raytron","url":"https:\/\/raytron.com.tr\/tr\/","logo":{"@type":"ImageObject","inLanguage":"en-US","@id":"https:\/\/raytron.com.tr\/tr\/#\/schema\/logo\/image\/","url":"http:\/\/raytron.com.tr\/wp-content\/uploads\/2024\/01\/cropped-4881750038035794047.png","contentUrl":"http:\/\/raytron.com.tr\/wp-content\/uploads\/2024\/01\/cropped-4881750038035794047.png","width":2318,"height":343,"caption":"Raytron"},"image":{"@id":"https:\/\/raytron.com.tr\/tr\/#\/schema\/logo\/image\/"}}]}},"_links":{"self":[{"href":"https:\/\/raytron.com.tr\/en\/wp-json\/wp\/v2\/pages\/76","targetHints":{"allow":["GET"]}}],"collection":[{"href":"https:\/\/raytron.com.tr\/en\/wp-json\/wp\/v2\/pages"}],"about":[{"href":"https:\/\/raytron.com.tr\/en\/wp-json\/wp\/v2\/types\/page"}],"author":[{"embeddable":true,"href":"https:\/\/raytron.com.tr\/en\/wp-json\/wp\/v2\/users\/1"}],"replies":[{"embeddable":true,"href":"https:\/\/raytron.com.tr\/en\/wp-json\/wp\/v2\/comments?post=76"}],"version-history":[{"count":12,"href":"https:\/\/raytron.com.tr\/en\/wp-json\/wp\/v2\/pages\/76\/revisions"}],"predecessor-version":[{"id":672,"href":"https:\/\/raytron.com.tr\/en\/wp-json\/wp\/v2\/pages\/76\/revisions\/672"}],"wp:attachment":[{"href":"https:\/\/raytron.com.tr\/en\/wp-json\/wp\/v2\/media?parent=76"}],"curies":[{"name":"wp","href":"https:\/\/api.w.org\/{rel}","templated":true}]}}