{"id":1064,"date":"2025-09-18T15:12:17","date_gmt":"2025-09-18T07:12:17","guid":{"rendered":"https:\/\/raytron.com.tr\/?page_id=1064"},"modified":"2025-09-18T15:17:50","modified_gmt":"2025-09-18T07:17:50","slug":"nickel-ribbon-2","status":"publish","type":"page","link":"https:\/\/raytron.com.tr\/en\/nickel-ribbon-2\/","title":{"rendered":"Y\u00fcksek \u00c7ekme Mukavemetli Bak\u0131r Kapl\u0131 Al\u00fcminyum (HTCCA) tel"},"content":{"rendered":"<div data-elementor-type=\"wp-page\" data-elementor-id=\"1064\" class=\"elementor elementor-1064\">\n\t\t\t\t<div class=\"elementor-element elementor-element-1a75f7a e-flex e-con-boxed e-con e-parent\" data-id=\"1a75f7a\" data-element_type=\"container\" data-settings=\"{&quot;jet_parallax_layout_list&quot;:[]}\">\n\t\t\t\t\t<div class=\"e-con-inner\">\n\t\t\t\t<div class=\"elementor-element elementor-element-c3351f6 elementor-widget elementor-widget-heading\" data-id=\"c3351f6\" data-element_type=\"widget\" data-widget_type=\"heading.default\">\n\t\t\t\t<div class=\"elementor-widget-container\">\n\t\t\t\t\t<h2 class=\"elementor-heading-title elementor-size-default\">HTCCA Wire nedir?\n<\/h2>\t\t\t\t<\/div>\n\t\t\t\t<\/div>\n\t\t\t\t<div class=\"elementor-element elementor-element-b8d240c elementor-widget elementor-widget-text-editor\" data-id=\"b8d240c\" data-element_type=\"widget\" data-widget_type=\"text-editor.default\">\n\t\t\t\t<div class=\"elementor-widget-container\">\n\t\t\t\t\t\t\t\t\t<p style=\"text-align: center;\">Maliyet ve performans zorluklar\u0131n\u0131z\u0131 \u00e7\u00f6zmek i\u00e7in tasarlanm\u0131\u015f yenilik\u00e7i bir kompozit malzeme.<\/p>\t\t\t\t\t\t\t\t<\/div>\n\t\t\t\t<\/div>\n\t\t\t\t\t<\/div>\n\t\t\t\t<\/div>\n\t\t<div class=\"elementor-element elementor-element-65e04a5 e-flex e-con-boxed e-con e-parent\" data-id=\"65e04a5\" data-element_type=\"container\" data-settings=\"{&quot;jet_parallax_layout_list&quot;:[]}\">\n\t\t\t\t\t<div class=\"e-con-inner\">\n\t\t<div class=\"elementor-element elementor-element-3f44be9 e-con-full e-flex e-con e-child\" data-id=\"3f44be9\" data-element_type=\"container\" data-settings=\"{&quot;jet_parallax_layout_list&quot;:[]}\">\n\t\t\t\t<div class=\"elementor-element elementor-element-2d8fde1 elementor-widget elementor-widget-video\" data-id=\"2d8fde1\" data-element_type=\"widget\" data-settings=\"{&quot;video_type&quot;:&quot;hosted&quot;,&quot;controls&quot;:&quot;yes&quot;}\" data-widget_type=\"video.default\">\n\t\t\t\t<div class=\"elementor-widget-container\">\n\t\t\t\t\t\t\t<div class=\"e-hosted-video elementor-wrapper elementor-open-inline\">\n\t\t\t\t\t<video class=\"elementor-video\" src=\"https:\/\/www.ray-tron.com\/wp-content\/uploads\/2025\/07\/tongbaolvxian.mp4\" controls=\"\" preload=\"metadata\" controlslist=\"nodownload\"><\/video>\n\t\t\t\t<\/div>\n\t\t\t\t\t\t<\/div>\n\t\t\t\t<\/div>\n\t\t\t\t<\/div>\n\t\t<div class=\"elementor-element elementor-element-89f861a e-con-full e-flex e-con e-child\" data-id=\"89f861a\" data-element_type=\"container\" data-settings=\"{&quot;jet_parallax_layout_list&quot;:[]}\">\n\t\t\t\t<div class=\"elementor-element elementor-element-7685c0b elementor-widget elementor-widget-text-editor\" data-id=\"7685c0b\" data-element_type=\"widget\" data-widget_type=\"text-editor.default\">\n\t\t\t\t<div class=\"elementor-widget-container\">\n\t\t\t\t\t\t\t\t\t<h3 class=\"text-2xl font-bold mb-4\" style=\"--tw-border-spacing-x: 0; --tw-border-spacing-y: 0; --tw-translate-x: 0; --tw-translate-y: 0; --tw-rotate: 0; --tw-skew-x: 0; --tw-skew-y: 0; --tw-scale-x: 1; --tw-scale-y: 1; --tw-scroll-snap-strictness: proximity; --tw-ring-offset-width: 0px; --tw-ring-offset-color: #fff; --tw-ring-color: rgb(59 130 246 \/ 0.5); --tw-ring-offset-shadow: 0 0 #0000; --tw-ring-shadow: 0 0 #0000; --tw-shadow: 0 0 #0000; --tw-shadow-colored: 0 0 #0000; font-size: 1.5rem; font-weight: bold; margin: 0px 0px 1rem; line-height: 2rem; color: #1e293b; font-family: Inter, sans-serif; background-color: #f8fafc; border: 0px solid #e5e7eb;\" data-lang-key=\"whatCore\"><span dir=\"auto\" style=\"--tw-border-spacing-x: 0; --tw-border-spacing-y: 0; --tw-translate-x: 0; --tw-translate-y: 0; --tw-rotate: 0; --tw-skew-x: 0; --tw-skew-y: 0; --tw-scale-x: 1; --tw-scale-y: 1; --tw-scroll-snap-strictness: proximity; --tw-ring-offset-width: 0px; --tw-ring-offset-color: #fff; --tw-ring-color: rgb(59 130 246 \/ 0.5); --tw-ring-offset-shadow: 0 0 #0000; --tw-ring-shadow: 0 0 #0000; --tw-shadow: 0 0 #0000; --tw-shadow-colored: 0 0 #0000; vertical-align: inherit; border: 0px solid #e5e7eb;\">\u00c7ekirdek: &#8220;Metalurjik Ba\u011flama&#8221; Teknolojisi<\/span><\/h3><p class=\"text-slate-600 leading-relaxed mb-6\" style=\"--tw-border-spacing-x: 0; --tw-border-spacing-y: 0; --tw-translate-x: 0; --tw-translate-y: 0; --tw-rotate: 0; --tw-skew-x: 0; --tw-skew-y: 0; --tw-scale-x: 1; --tw-scale-y: 1; --tw-scroll-snap-strictness: proximity; --tw-ring-offset-width: 0px; --tw-ring-offset-color: #fff; --tw-ring-color: rgb(59 130 246 \/ 0.5); --tw-ring-offset-shadow: 0 0 #0000; --tw-ring-shadow: 0 0 #0000; --tw-shadow: 0 0 #0000; --tw-shadow-colored: 0 0 #0000; margin: 0px 0px 1.5rem; line-height: 1.625; --tw-text-opacity: 1; color: #475569; font-family: Inter, sans-serif; font-size: medium; background-color: #f8fafc; border: 0px solid #e5e7eb;\" data-lang-key=\"whatDesc\"><span dir=\"auto\" style=\"--tw-border-spacing-x: 0; --tw-border-spacing-y: 0; --tw-translate-x: 0; --tw-translate-y: 0; --tw-rotate: 0; --tw-skew-x: 0; --tw-skew-y: 0; --tw-scale-x: 1; --tw-scale-y: 1; --tw-scroll-snap-strictness: proximity; --tw-ring-offset-width: 0px; --tw-ring-offset-color: #fff; --tw-ring-color: rgb(59 130 246 \/ 0.5); --tw-ring-offset-shadow: 0 0 #0000; --tw-ring-shadow: 0 0 #0000; --tw-shadow: 0 0 #0000; --tw-shadow-colored: 0 0 #0000; vertical-align: inherit; border: 0px solid #e5e7eb;\">Y\u00fcksek \u00c7ekme Mukavemetli Bak\u0131r Kapl\u0131 Al\u00fcminyum (HTCCA) tel, basit bir kar\u0131\u015f\u0131m veya kaplama i\u015flemi de\u011fildir. Geli\u015fmi\u015f **metalurjik ba\u011flama** y\u00f6ntemiyle, y\u00fcksek safl\u0131ktaki bir bak\u0131r tabakas\u0131 hafif bir al\u00fcminyum \u00e7ekirde\u011fe molek\u00fcler olarak kayna\u015ft\u0131r\u0131larak ayr\u0131lmaz bir bimetalik iletken olu\u015fturulur.<\/span><\/p><ul class=\"space-y-4\" style=\"--tw-border-spacing-x: 0; --tw-border-spacing-y: 0; --tw-translate-x: 0; --tw-translate-y: 0; --tw-rotate: 0; --tw-skew-x: 0; --tw-skew-y: 0; --tw-scale-x: 1; --tw-scale-y: 1; --tw-scroll-snap-strictness: proximity; --tw-ring-offset-width: 0px; --tw-ring-offset-color: #fff; --tw-ring-color: rgb(59 130 246 \/ 0.5); --tw-ring-offset-shadow: 0 0 #0000; --tw-ring-shadow: 0 0 #0000; --tw-shadow: 0 0 #0000; --tw-shadow-colored: 0 0 #0000; border-style: solid; border-color: #e5e7eb; list-style: none; margin: 0px; padding: 0px; color: #1e293b; font-family: Inter, sans-serif; font-size: medium; background-color: #f8fafc;\"><li class=\"flex items-start\" style=\"--tw-border-spacing-x: 0; --tw-border-spacing-y: 0; --tw-translate-x: 0; --tw-translate-y: 0; --tw-rotate: 0; --tw-skew-x: 0; --tw-skew-y: 0; --tw-scale-x: 1; --tw-scale-y: 1; --tw-scroll-snap-strictness: proximity; --tw-ring-offset-width: 0px; --tw-ring-offset-color: #fff; --tw-ring-color: rgb(59 130 246 \/ 0.5); --tw-ring-offset-shadow: 0 0 #0000; --tw-ring-shadow: 0 0 #0000; --tw-shadow: 0 0 #0000; --tw-shadow-colored: 0 0 #0000; border-style: solid; border-color: #e5e7eb; display: flex; align-items: flex-start;\"><div class=\"flex-shrink-0 h-8 w-8 bg-blue-100 text-blue-600 rounded-full flex items-center justify-center font-bold mr-4\" style=\"--tw-border-spacing-x: 0; --tw-border-spacing-y: 0; --tw-translate-x: 0; --tw-translate-y: 0; --tw-rotate: 0; --tw-skew-x: 0; --tw-skew-y: 0; --tw-scale-x: 1; --tw-scale-y: 1; --tw-scroll-snap-strictness: proximity; --tw-ring-offset-width: 0px; --tw-ring-offset-color: #fff; --tw-ring-color: rgb(59 130 246 \/ 0.5); --tw-ring-offset-shadow: 0 0 #0000; --tw-ring-shadow: 0 0 #0000; --tw-shadow: 0 0 #0000; --tw-shadow-colored: 0 0 #0000; margin-right: 1rem; display: flex; height: 2rem; width: 2rem; flex-shrink: 0; align-items: center; justify-content: center; border-radius: 9999px; --tw-bg-opacity: 1; background-color: #dbeafe; font-weight: bold; --tw-text-opacity: 1; color: #2563eb; border: 0px solid #e5e7eb;\" data-lang-key=\"whatCopper\"><span dir=\"auto\" style=\"--tw-border-spacing-x: 0; --tw-border-spacing-y: 0; --tw-translate-x: 0; --tw-translate-y: 0; --tw-rotate: 0; --tw-skew-x: 0; --tw-skew-y: 0; --tw-scale-x: 1; --tw-scale-y: 1; --tw-scroll-snap-strictness: proximity; --tw-ring-offset-width: 0px; --tw-ring-offset-color: #fff; --tw-ring-color: rgb(59 130 246 \/ 0.5); --tw-ring-offset-shadow: 0 0 #0000; --tw-ring-shadow: 0 0 #0000; --tw-shadow: 0 0 #0000; --tw-shadow-colored: 0 0 #0000; vertical-align: inherit; border: 0px solid #e5e7eb;\"><span dir=\"auto\" style=\"--tw-border-spacing-x: 0; --tw-border-spacing-y: 0; --tw-translate-x: 0; --tw-translate-y: 0; --tw-rotate: 0; --tw-skew-x: 0; --tw-skew-y: 0; --tw-scale-x: 1; --tw-scale-y: 1; --tw-scroll-snap-strictness: proximity; --tw-ring-offset-width: 0px; --tw-ring-offset-color: #fff; --tw-ring-color: rgb(59 130 246 \/ 0.5); --tw-ring-offset-shadow: 0 0 #0000; --tw-ring-shadow: 0 0 #0000; --tw-shadow: 0 0 #0000; --tw-shadow-colored: 0 0 #0000; vertical-align: inherit; border: 0px solid #e5e7eb;\">Cu<\/span><\/span><\/div><p class=\"text-slate-600\" style=\"--tw-border-spacing-x: 0; --tw-border-spacing-y: 0; --tw-translate-x: 0; --tw-translate-y: 0; --tw-rotate: 0; --tw-skew-x: 0; --tw-skew-y: 0; --tw-scale-x: 1; --tw-scale-y: 1; --tw-scroll-snap-strictness: proximity; --tw-ring-offset-width: 0px; --tw-ring-offset-color: #fff; --tw-ring-color: rgb(59 130 246 \/ 0.5); --tw-ring-offset-shadow: 0 0 #0000; --tw-ring-shadow: 0 0 #0000; --tw-shadow: 0 0 #0000; --tw-shadow-colored: 0 0 #0000; margin: 0px; --tw-text-opacity: 1; color: #475569; border: 0px solid #e5e7eb;\" data-lang-key=\"whatCopperDesc\"><span style=\"--tw-border-spacing-x: 0; --tw-border-spacing-y: 0; --tw-translate-x: 0; --tw-translate-y: 0; --tw-rotate: 0; --tw-skew-x: 0; --tw-skew-y: 0; --tw-scale-x: 1; --tw-scale-y: 1; --tw-scroll-snap-strictness: proximity; --tw-ring-offset-width: 0px; --tw-ring-offset-color: #fff; --tw-ring-color: rgb(59 130 246 \/ 0.5); --tw-ring-offset-shadow: 0 0 #0000; --tw-ring-shadow: 0 0 #0000; --tw-shadow: 0 0 #0000; --tw-shadow-colored: 0 0 #0000; font-weight: bolder; border: 0px solid #e5e7eb;\"><span dir=\"auto\" style=\"--tw-border-spacing-x: 0; --tw-border-spacing-y: 0; --tw-translate-x: 0; --tw-translate-y: 0; --tw-rotate: 0; --tw-skew-x: 0; --tw-skew-y: 0; --tw-scale-x: 1; --tw-scale-y: 1; --tw-scroll-snap-strictness: proximity; --tw-ring-offset-width: 0px; --tw-ring-offset-color: #fff; --tw-ring-color: rgb(59 130 246 \/ 0.5); --tw-ring-offset-shadow: 0 0 #0000; --tw-ring-shadow: 0 0 #0000; --tw-shadow: 0 0 #0000; --tw-shadow-colored: 0 0 #0000; vertical-align: inherit; border: 0px solid #e5e7eb;\">D\u0131\u015f Bak\u0131r Kaplama:<\/span><\/span><span dir=\"auto\" style=\"--tw-border-spacing-x: 0; --tw-border-spacing-y: 0; --tw-translate-x: 0; --tw-translate-y: 0; --tw-rotate: 0; --tw-skew-x: 0; --tw-skew-y: 0; --tw-scale-x: 1; --tw-scale-y: 1; --tw-scroll-snap-strictness: proximity; --tw-ring-offset-width: 0px; --tw-ring-offset-color: #fff; --tw-ring-color: rgb(59 130 246 \/ 0.5); --tw-ring-offset-shadow: 0 0 #0000; --tw-ring-shadow: 0 0 #0000; --tw-shadow: 0 0 #0000; --tw-shadow-colored: 0 0 #0000; vertical-align: inherit; border: 0px solid #e5e7eb;\">\u00a0Kat\u0131 bak\u0131rla ayn\u0131 m\u00fckemmel iletkenlik, lehimlenebilirlik ve korozyon direnci sa\u011flar.<\/span><\/p><\/li><li class=\"flex items-start\" style=\"--tw-border-spacing-x: 0; --tw-border-spacing-y: 0; --tw-translate-x: 0; --tw-translate-y: 0; --tw-rotate: 0; --tw-skew-x: 0; --tw-skew-y: 0; --tw-scale-x: 1; --tw-scale-y: 1; --tw-scroll-snap-strictness: proximity; --tw-ring-offset-width: 0px; --tw-ring-offset-color: #fff; --tw-ring-color: rgb(59 130 246 \/ 0.5); --tw-ring-offset-shadow: 0 0 #0000; --tw-ring-shadow: 0 0 #0000; --tw-shadow: 0 0 #0000; --tw-shadow-colored: 0 0 #0000; border-style: solid; border-color: #e5e7eb; display: flex; align-items: flex-start; --tw-space-y-reverse: 0; margin-top: 16px; margin-bottom: 0px;\"><div class=\"flex-shrink-0 h-8 w-8 bg-blue-100 text-blue-600 rounded-full flex items-center justify-center font-bold mr-4\" style=\"--tw-border-spacing-x: 0; --tw-border-spacing-y: 0; --tw-translate-x: 0; --tw-translate-y: 0; --tw-rotate: 0; --tw-skew-x: 0; --tw-skew-y: 0; --tw-scale-x: 1; --tw-scale-y: 1; --tw-scroll-snap-strictness: proximity; --tw-ring-offset-width: 0px; --tw-ring-offset-color: #fff; --tw-ring-color: rgb(59 130 246 \/ 0.5); --tw-ring-offset-shadow: 0 0 #0000; --tw-ring-shadow: 0 0 #0000; --tw-shadow: 0 0 #0000; --tw-shadow-colored: 0 0 #0000; margin-right: 1rem; display: flex; height: 2rem; width: 2rem; flex-shrink: 0; align-items: center; justify-content: center; border-radius: 9999px; --tw-bg-opacity: 1; background-color: #dbeafe; font-weight: bold; --tw-text-opacity: 1; color: #2563eb; border: 0px solid #e5e7eb;\" data-lang-key=\"whatAluminum\"><span dir=\"auto\" style=\"--tw-border-spacing-x: 0; --tw-border-spacing-y: 0; --tw-translate-x: 0; --tw-translate-y: 0; --tw-rotate: 0; --tw-skew-x: 0; --tw-skew-y: 0; --tw-scale-x: 1; --tw-scale-y: 1; --tw-scroll-snap-strictness: proximity; --tw-ring-offset-width: 0px; --tw-ring-offset-color: #fff; --tw-ring-color: rgb(59 130 246 \/ 0.5); --tw-ring-offset-shadow: 0 0 #0000; --tw-ring-shadow: 0 0 #0000; --tw-shadow: 0 0 #0000; --tw-shadow-colored: 0 0 #0000; vertical-align: inherit; border: 0px solid #e5e7eb;\"><span dir=\"auto\" style=\"--tw-border-spacing-x: 0; --tw-border-spacing-y: 0; --tw-translate-x: 0; --tw-translate-y: 0; --tw-rotate: 0; --tw-skew-x: 0; --tw-skew-y: 0; --tw-scale-x: 1; --tw-scale-y: 1; --tw-scroll-snap-strictness: proximity; --tw-ring-offset-width: 0px; --tw-ring-offset-color: #fff; --tw-ring-color: rgb(59 130 246 \/ 0.5); --tw-ring-offset-shadow: 0 0 #0000; --tw-ring-shadow: 0 0 #0000; --tw-shadow: 0 0 #0000; --tw-shadow-colored: 0 0 #0000; vertical-align: inherit; border: 0px solid #e5e7eb;\">Al<\/span><\/span><\/div><p class=\"text-slate-600\" style=\"--tw-border-spacing-x: 0; --tw-border-spacing-y: 0; --tw-translate-x: 0; --tw-translate-y: 0; --tw-rotate: 0; --tw-skew-x: 0; --tw-skew-y: 0; --tw-scale-x: 1; --tw-scale-y: 1; --tw-scroll-snap-strictness: proximity; --tw-ring-offset-width: 0px; --tw-ring-offset-color: #fff; --tw-ring-color: rgb(59 130 246 \/ 0.5); --tw-ring-offset-shadow: 0 0 #0000; --tw-ring-shadow: 0 0 #0000; --tw-shadow: 0 0 #0000; --tw-shadow-colored: 0 0 #0000; margin: 0px; --tw-text-opacity: 1; color: #475569; border: 0px solid #e5e7eb;\" data-lang-key=\"whatAluminumDesc\"><span style=\"--tw-border-spacing-x: 0; --tw-border-spacing-y: 0; --tw-translate-x: 0; --tw-translate-y: 0; --tw-rotate: 0; --tw-skew-x: 0; --tw-skew-y: 0; --tw-scale-x: 1; --tw-scale-y: 1; --tw-scroll-snap-strictness: proximity; --tw-ring-offset-width: 0px; --tw-ring-offset-color: #fff; --tw-ring-color: rgb(59 130 246 \/ 0.5); --tw-ring-offset-shadow: 0 0 #0000; --tw-ring-shadow: 0 0 #0000; --tw-shadow: 0 0 #0000; --tw-shadow-colored: 0 0 #0000; font-weight: bolder; border: 0px solid #e5e7eb;\"><span dir=\"auto\" style=\"--tw-border-spacing-x: 0; --tw-border-spacing-y: 0; --tw-translate-x: 0; --tw-translate-y: 0; --tw-rotate: 0; --tw-skew-x: 0; --tw-skew-y: 0; --tw-scale-x: 1; --tw-scale-y: 1; --tw-scroll-snap-strictness: proximity; --tw-ring-offset-width: 0px; --tw-ring-offset-color: #fff; --tw-ring-color: rgb(59 130 246 \/ 0.5); --tw-ring-offset-shadow: 0 0 #0000; --tw-ring-shadow: 0 0 #0000; --tw-shadow: 0 0 #0000; --tw-shadow-colored: 0 0 #0000; vertical-align: inherit; border: 0px solid #e5e7eb;\">\u0130\u00e7 Al\u00fcminyum \u00c7ekirdek:<\/span><\/span><span dir=\"auto\" style=\"--tw-border-spacing-x: 0; --tw-border-spacing-y: 0; --tw-translate-x: 0; --tw-translate-y: 0; --tw-rotate: 0; --tw-skew-x: 0; --tw-skew-y: 0; --tw-scale-x: 1; --tw-scale-y: 1; --tw-scroll-snap-strictness: proximity; --tw-ring-offset-width: 0px; --tw-ring-offset-color: #fff; --tw-ring-color: rgb(59 130 246 \/ 0.5); --tw-ring-offset-shadow: 0 0 #0000; --tw-ring-shadow: 0 0 #0000; --tw-shadow: 0 0 #0000; --tw-shadow-colored: 0 0 #0000; vertical-align: inherit; border: 0px solid #e5e7eb;\">\u00a0M\u00fckemmel termal iletkenlik ve mekanik dayan\u0131kl\u0131l\u0131k sa\u011flarken malzeme maliyetini ve genel a\u011f\u0131rl\u0131\u011f\u0131 \u00f6nemli \u00f6l\u00e7\u00fcde azalt\u0131r.<\/span><\/p><\/li><\/ul>\t\t\t\t\t\t\t\t<\/div>\n\t\t\t\t<\/div>\n\t\t\t\t<div class=\"elementor-element elementor-element-72fd851 elementor-widget elementor-widget-button\" data-id=\"72fd851\" data-element_type=\"widget\" data-widget_type=\"button.default\">\n\t\t\t\t<div class=\"elementor-widget-container\">\n\t\t\t\t\t\t\t\t\t<div class=\"elementor-button-wrapper\">\n\t\t\t\t\t<a class=\"elementor-button elementor-button-link elementor-size-sm\" href=\"https:\/\/www.ray-tron.com\/Copper-Clad-Aluminum-Landing-page.html#what-is-htcca\">\n\t\t\t\t\t\t<span class=\"elementor-button-content-wrapper\">\n\t\t\t\t\t\t\t\t\t<span class=\"elementor-button-text\">Detayl\u0131 Bilgi<\/span>\n\t\t\t\t\t<\/span>\n\t\t\t\t\t<\/a>\n\t\t\t\t<\/div>\n\t\t\t\t\t\t\t\t<\/div>\n\t\t\t\t<\/div>\n\t\t\t\t<\/div>\n\t\t\t\t\t<\/div>\n\t\t\t\t<\/div>\n\t\t\t\t<\/div>","protected":false},"excerpt":{"rendered":"<p>HTCCA Wire nedir? Maliyet ve performans zorluklar\u0131n\u0131z\u0131 \u00e7\u00f6zmek i\u00e7in tasarlanm\u0131\u015f yenilik\u00e7i bir kompozit malzeme. https:\/\/www.ray-tron.com\/wp-content\/uploads\/2025\/07\/tongbaolvxian.mp4 \u00c7ekirdek: &#8220;Metalurjik Ba\u011flama&#8221; Teknolojisi Y\u00fcksek \u00c7ekme Mukavemetli Bak\u0131r Kapl\u0131 Al\u00fcminyum (HTCCA) tel, basit bir kar\u0131\u015f\u0131m veya kaplama i\u015flemi de\u011fildir. Geli\u015fmi\u015f **metalurjik ba\u011flama** y\u00f6ntemiyle, y\u00fcksek safl\u0131ktaki bir bak\u0131r tabakas\u0131 hafif bir al\u00fcminyum \u00e7ekirde\u011fe molek\u00fcler olarak kayna\u015ft\u0131r\u0131larak ayr\u0131lmaz bir bimetalik iletken olu\u015fturulur. [&hellip;]<\/p>","protected":false},"author":2,"featured_media":0,"parent":0,"menu_order":0,"comment_status":"closed","ping_status":"closed","template":"","meta":{"footnotes":""},"class_list":["post-1064","page","type-page","status-publish","hentry"],"yoast_head":"<!-- This site is optimized with the Yoast SEO Premium plugin v21.3 (Yoast SEO v25.4) - https:\/\/yoast.com\/wordpress\/plugins\/seo\/ -->\n<title>Y\u00fcksek \u00c7ekme Mukavemetli Bak\u0131r Kapl\u0131 Al\u00fcminyum (HTCCA) tel - Raytron<\/title>\n<meta name=\"robots\" content=\"index, follow, max-snippet:-1, max-image-preview:large, max-video-preview:-1\" \/>\n<link rel=\"canonical\" href=\"https:\/\/raytron.com.tr\/en\/nickel-ribbon-2\/\" \/>\n<meta property=\"og:locale\" content=\"en_US\" \/>\n<meta property=\"og:type\" content=\"article\" \/>\n<meta property=\"og:title\" content=\"Y\u00fcksek \u00c7ekme Mukavemetli Bak\u0131r Kapl\u0131 Al\u00fcminyum (HTCCA) tel\" \/>\n<meta property=\"og:description\" content=\"HTCCA Wire nedir? Maliyet ve performans zorluklar\u0131n\u0131z\u0131 \u00e7\u00f6zmek i\u00e7in tasarlanm\u0131\u015f yenilik\u00e7i bir kompozit malzeme. https:\/\/www.ray-tron.com\/wp-content\/uploads\/2025\/07\/tongbaolvxian.mp4 \u00c7ekirdek: &#8220;Metalurjik Ba\u011flama&#8221; Teknolojisi Y\u00fcksek \u00c7ekme Mukavemetli Bak\u0131r Kapl\u0131 Al\u00fcminyum (HTCCA) tel, basit bir kar\u0131\u015f\u0131m veya kaplama i\u015flemi de\u011fildir. Geli\u015fmi\u015f **metalurjik ba\u011flama** y\u00f6ntemiyle, y\u00fcksek safl\u0131ktaki bir bak\u0131r tabakas\u0131 hafif bir al\u00fcminyum \u00e7ekirde\u011fe molek\u00fcler olarak kayna\u015ft\u0131r\u0131larak ayr\u0131lmaz bir bimetalik iletken olu\u015fturulur. [&hellip;]\" \/>\n<meta property=\"og:url\" content=\"https:\/\/raytron.com.tr\/en\/nickel-ribbon-2\/\" \/>\n<meta property=\"og:site_name\" content=\"Raytron\" \/>\n<meta property=\"article:modified_time\" content=\"2025-09-18T07:17:50+00:00\" \/>\n<meta name=\"twitter:card\" content=\"summary_large_image\" \/>\n<meta name=\"twitter:label1\" content=\"Est. reading time\" \/>\n\t<meta name=\"twitter:data1\" content=\"1 minute\" \/>\n<script type=\"application\/ld+json\" class=\"yoast-schema-graph\">{\"@context\":\"https:\/\/schema.org\",\"@graph\":[{\"@type\":\"WebPage\",\"@id\":\"https:\/\/raytron.com.tr\/nickel-ribbon-2\/\",\"url\":\"https:\/\/raytron.com.tr\/nickel-ribbon-2\/\",\"name\":\"Y\u00fcksek \u00c7ekme Mukavemetli Bak\u0131r Kapl\u0131 Al\u00fcminyum (HTCCA) tel - Raytron\",\"isPartOf\":{\"@id\":\"https:\/\/raytron.com.tr\/tr\/#website\"},\"datePublished\":\"2025-09-18T07:12:17+00:00\",\"dateModified\":\"2025-09-18T07:17:50+00:00\",\"breadcrumb\":{\"@id\":\"https:\/\/raytron.com.tr\/nickel-ribbon-2\/#breadcrumb\"},\"inLanguage\":\"en-US\",\"potentialAction\":[{\"@type\":\"ReadAction\",\"target\":[\"https:\/\/raytron.com.tr\/nickel-ribbon-2\/\"]}]},{\"@type\":\"BreadcrumbList\",\"@id\":\"https:\/\/raytron.com.tr\/nickel-ribbon-2\/#breadcrumb\",\"itemListElement\":[{\"@type\":\"ListItem\",\"position\":1,\"name\":\"\u9996\u9875\",\"item\":\"https:\/\/raytron.com.tr\/\"},{\"@type\":\"ListItem\",\"position\":2,\"name\":\"Y\u00fcksek \u00c7ekme Mukavemetli Bak\u0131r Kapl\u0131 Al\u00fcminyum (HTCCA) tel\"}]},{\"@type\":\"WebSite\",\"@id\":\"https:\/\/raytron.com.tr\/tr\/#website\",\"url\":\"https:\/\/raytron.com.tr\/tr\/\",\"name\":\"Raytron\",\"description\":\"Raytron\",\"publisher\":{\"@id\":\"https:\/\/raytron.com.tr\/tr\/#organization\"},\"potentialAction\":[{\"@type\":\"SearchAction\",\"target\":{\"@type\":\"EntryPoint\",\"urlTemplate\":\"https:\/\/raytron.com.tr\/tr\/?s={search_term_string}\"},\"query-input\":{\"@type\":\"PropertyValueSpecification\",\"valueRequired\":true,\"valueName\":\"search_term_string\"}}],\"inLanguage\":\"en-US\"},{\"@type\":\"Organization\",\"@id\":\"https:\/\/raytron.com.tr\/tr\/#organization\",\"name\":\"Raytron\",\"url\":\"https:\/\/raytron.com.tr\/tr\/\",\"logo\":{\"@type\":\"ImageObject\",\"inLanguage\":\"en-US\",\"@id\":\"https:\/\/raytron.com.tr\/tr\/#\/schema\/logo\/image\/\",\"url\":\"http:\/\/raytron.com.tr\/wp-content\/uploads\/2024\/01\/cropped-4881750038035794047.png\",\"contentUrl\":\"http:\/\/raytron.com.tr\/wp-content\/uploads\/2024\/01\/cropped-4881750038035794047.png\",\"width\":2318,\"height\":343,\"caption\":\"Raytron\"},\"image\":{\"@id\":\"https:\/\/raytron.com.tr\/tr\/#\/schema\/logo\/image\/\"}}]}<\/script>\n<!-- \/ Yoast SEO Premium plugin. -->","yoast_head_json":{"title":"Y\u00fcksek \u00c7ekme Mukavemetli Bak\u0131r Kapl\u0131 Al\u00fcminyum (HTCCA) tel - Raytron","robots":{"index":"index","follow":"follow","max-snippet":"max-snippet:-1","max-image-preview":"max-image-preview:large","max-video-preview":"max-video-preview:-1"},"canonical":"https:\/\/raytron.com.tr\/en\/nickel-ribbon-2\/","og_locale":"en_US","og_type":"article","og_title":"Y\u00fcksek \u00c7ekme Mukavemetli Bak\u0131r Kapl\u0131 Al\u00fcminyum (HTCCA) tel","og_description":"HTCCA Wire nedir? Maliyet ve performans zorluklar\u0131n\u0131z\u0131 \u00e7\u00f6zmek i\u00e7in tasarlanm\u0131\u015f yenilik\u00e7i bir kompozit malzeme. https:\/\/www.ray-tron.com\/wp-content\/uploads\/2025\/07\/tongbaolvxian.mp4 \u00c7ekirdek: &#8220;Metalurjik Ba\u011flama&#8221; Teknolojisi Y\u00fcksek \u00c7ekme Mukavemetli Bak\u0131r Kapl\u0131 Al\u00fcminyum (HTCCA) tel, basit bir kar\u0131\u015f\u0131m veya kaplama i\u015flemi de\u011fildir. Geli\u015fmi\u015f **metalurjik ba\u011flama** y\u00f6ntemiyle, y\u00fcksek safl\u0131ktaki bir bak\u0131r tabakas\u0131 hafif bir al\u00fcminyum \u00e7ekirde\u011fe molek\u00fcler olarak kayna\u015ft\u0131r\u0131larak ayr\u0131lmaz bir bimetalik iletken olu\u015fturulur. [&hellip;]","og_url":"https:\/\/raytron.com.tr\/en\/nickel-ribbon-2\/","og_site_name":"Raytron","article_modified_time":"2025-09-18T07:17:50+00:00","twitter_card":"summary_large_image","twitter_misc":{"Est. reading time":"1 minute"},"schema":{"@context":"https:\/\/schema.org","@graph":[{"@type":"WebPage","@id":"https:\/\/raytron.com.tr\/nickel-ribbon-2\/","url":"https:\/\/raytron.com.tr\/nickel-ribbon-2\/","name":"Y\u00fcksek \u00c7ekme Mukavemetli Bak\u0131r Kapl\u0131 Al\u00fcminyum (HTCCA) tel - Raytron","isPartOf":{"@id":"https:\/\/raytron.com.tr\/tr\/#website"},"datePublished":"2025-09-18T07:12:17+00:00","dateModified":"2025-09-18T07:17:50+00:00","breadcrumb":{"@id":"https:\/\/raytron.com.tr\/nickel-ribbon-2\/#breadcrumb"},"inLanguage":"en-US","potentialAction":[{"@type":"ReadAction","target":["https:\/\/raytron.com.tr\/nickel-ribbon-2\/"]}]},{"@type":"BreadcrumbList","@id":"https:\/\/raytron.com.tr\/nickel-ribbon-2\/#breadcrumb","itemListElement":[{"@type":"ListItem","position":1,"name":"\u9996\u9875","item":"https:\/\/raytron.com.tr\/"},{"@type":"ListItem","position":2,"name":"Y\u00fcksek \u00c7ekme Mukavemetli Bak\u0131r Kapl\u0131 Al\u00fcminyum (HTCCA) tel"}]},{"@type":"WebSite","@id":"https:\/\/raytron.com.tr\/tr\/#website","url":"https:\/\/raytron.com.tr\/tr\/","name":"Raytron","description":"Raytron","publisher":{"@id":"https:\/\/raytron.com.tr\/tr\/#organization"},"potentialAction":[{"@type":"SearchAction","target":{"@type":"EntryPoint","urlTemplate":"https:\/\/raytron.com.tr\/tr\/?s={search_term_string}"},"query-input":{"@type":"PropertyValueSpecification","valueRequired":true,"valueName":"search_term_string"}}],"inLanguage":"en-US"},{"@type":"Organization","@id":"https:\/\/raytron.com.tr\/tr\/#organization","name":"Raytron","url":"https:\/\/raytron.com.tr\/tr\/","logo":{"@type":"ImageObject","inLanguage":"en-US","@id":"https:\/\/raytron.com.tr\/tr\/#\/schema\/logo\/image\/","url":"http:\/\/raytron.com.tr\/wp-content\/uploads\/2024\/01\/cropped-4881750038035794047.png","contentUrl":"http:\/\/raytron.com.tr\/wp-content\/uploads\/2024\/01\/cropped-4881750038035794047.png","width":2318,"height":343,"caption":"Raytron"},"image":{"@id":"https:\/\/raytron.com.tr\/tr\/#\/schema\/logo\/image\/"}}]}},"_links":{"self":[{"href":"https:\/\/raytron.com.tr\/en\/wp-json\/wp\/v2\/pages\/1064","targetHints":{"allow":["GET"]}}],"collection":[{"href":"https:\/\/raytron.com.tr\/en\/wp-json\/wp\/v2\/pages"}],"about":[{"href":"https:\/\/raytron.com.tr\/en\/wp-json\/wp\/v2\/types\/page"}],"author":[{"embeddable":true,"href":"https:\/\/raytron.com.tr\/en\/wp-json\/wp\/v2\/users\/2"}],"replies":[{"embeddable":true,"href":"https:\/\/raytron.com.tr\/en\/wp-json\/wp\/v2\/comments?post=1064"}],"version-history":[{"count":7,"href":"https:\/\/raytron.com.tr\/en\/wp-json\/wp\/v2\/pages\/1064\/revisions"}],"predecessor-version":[{"id":1071,"href":"https:\/\/raytron.com.tr\/en\/wp-json\/wp\/v2\/pages\/1064\/revisions\/1071"}],"wp:attachment":[{"href":"https:\/\/raytron.com.tr\/en\/wp-json\/wp\/v2\/media?parent=1064"}],"curies":[{"name":"wp","href":"https:\/\/api.w.org\/{rel}","templated":true}]}}